{"id":1755,"date":"2020-12-09T17:35:55","date_gmt":"2020-12-09T15:35:55","guid":{"rendered":"http:\/\/www.g-o-f.org.ua\/?page_id=1755"},"modified":"2020-12-21T20:39:05","modified_gmt":"2020-12-21T18:39:05","slug":"5-2","status":"publish","type":"page","link":"http:\/\/www.g-o-f.org.ua\/gb\/archive\/2020-41\/5-2\/","title":{"rendered":"Rare-earth accessories and secondary minerals in plagiogneisses from the Stankuvatske Li-deposite"},"content":{"rendered":"<p style=\"text-align: justify;\"><strong>N.\u041c. Lyzhachenk\u043e<sup>1<\/sup><\/strong><br \/>\n\u0415-mail: lyzhachenko@gmail.com<br \/>\n<a href=\"https:\/\/orcid.org\/0000-0003-4466-6851\">https:\/\/orcid.org\/0000-0003-4466-6851<\/a><br \/>\n<strong>S.I. Kurylo<sup>2<\/sup><\/strong><br \/>\n<a href=\"https:\/\/orcid.org\/0000-0001-8598-0551\">https:\/\/orcid.org\/0000-0001-8598-0551<\/a><br \/>\n<strong>S. M. Bondarenko<sup>3<\/sup><\/strong><br \/>\n<a href=\"https:\/\/orcid.org\/0000-0001-7948-3583\">https:\/\/orcid.org\/0000-0001-7948-3583<\/a><br \/>\n<sup>1<\/sup> State Institution \u00abThe Institute of Environmental Geochemistry of National Academy of Science of Ukraine\u00bb<br \/>\n03680, Kyiv, Ukraine, Palladina av. 34-a<br \/>\n<sup>2<\/sup> Earth Science Institute, Slovak Academy of Sciences<br \/>\n97411, Bansk\u00e1 Bystrica, Slovakia, \u010eumbierska 1<br \/>\n<sup>3<\/sup> M.P. Semenenko Institute Geochemistry, Mineralogy and Ore Formation of the National Academy of Science of Ukraine<br \/>\n03142, Kyiv, Ukraine, Palladina av. 34<\/p>\n<p>Language: Ukrainian<br \/>\nGeochemistry and ore formation 2020, 41: 54-67<br \/>\n<a href=\"https:\/\/doi.org\/10.15407\/gof.2020.41.054\">https:\/\/doi.org\/10.15407\/gof.2020.41.054<\/a><\/p>\n<p style=\"text-align: justify;\">The Stankuvatske Li deposit (SD) is situated at western flank of the Lypniazka structure (Ingul megablock of the Ukrainian Shield). Knowledge about REE content in host metamorphic rocks is based on the results of bulk chemical analysis, but their minerals have not been determined. For the first time rare-earth mineralization of the Stankuvatsky lithium deposit has been investigated in fine-grained gneiss with \u00abaugen\u00bb and schistose structure, porphiroblastic texture, formed as result of tectonical alteration. Our investigations were carried out using petrographic and microprobe analysis (EPMA). Mineralogically gneisses consist of quartz, plagioclase, zoizite, biotite, graphite, chlorite and abundant sulphides mainly represented by pyrite, arsenopyrite, sphalerite, molibdenite. Accessory minerals presented by titanite, apatite, monazite, zircon and coffinite. Gneisses have been subjected to deformation and hydrothermal \u2014 metasomatic alteration. An investigation of rock-forming and accessory minerals allows to revel low-temperature alterations of primary allanite by bastn\u00e4siteand chlorite with formation of secondary bastn\u00e4site-chlorite-coisite-pyrite association with \u00abcoronary\u00bb texture. The penetration of S, F, CO2, H2O enriched fluids were caused disintegration, partial redistribution and reprecipitation of rare earth elements. As result synhysite-chlorite-pyrite association was formed.<\/p>\n<p style=\"text-align: justify;\">Keywords:<em> bastn\u00e4site, synchysite, allanite, rare elements, Stankuvatske Li-depozit, the Ukrainian Shield.<\/em><\/p>\n<ol>\n<li>Bondarenko, S.M. (2009). Gold ore mineralization of the western part of the Ukrainian shield: Thesis of PhD in geol. science. Kyiv. 20 p. [in Ukrainian].<\/li>\n<li>Gursky D.S., Esipchuk K.E., Kalinin V.I., Kulish E.A., Nechaev S.V., Tretiakov Yu.I., Shumliansky V.A. (Eds.) (2005). Metallic and non-metallic minerals of Ukraine. Iss. 1. Metallic minerals. Kyiv; Lviv [in Russian].<\/li>\n<li>Ivanov B.N., Makivchuk O.F., Bugaenko V.M., Lysenko V.V., Eremenko G.K. (2000). Main types of rare-metal deposits and ore manifestations in western part of the Kirovograd block. Scientific proceedings of UkrSGRI, 1-2, 101-107 [in Ukrainian].<\/li>\n<li>Lyzhachenko N.M., Kurylo S.I., Grinchenko O.V. (2019). New data on accessory mineralization of the Stankuvats&#8217;ke lithium deposit. Scientific conference \u00abAchievements and prospects for the development of geological science in Ukraine\u00bb, dedicated to the 50th anniversary of the founding of the Institute. Kyiv, May 14-16. P. 77-78 [in Ukrainian].<\/li>\n<li>Nechaev S.V., Semka V.A. (2012). Ore-bearing metasomatites of the central part of the Ukrainian shield (forecast-search value). Geochemistry and petrology of rock and ore formation processes. No. 31-32. P. 12-23 [in Ukrainian].<br \/>\n<a href=\"https:\/\/doi.org\/10.15407\/gof.2012.31.012\">https:\/\/doi.org\/10.15407\/gof.2012.31.012<\/a><\/li>\n<li>Nechaev S.V., Kononov Y.V. (1963). A new genetic type of rare-earth mineralization in the Precambrian migmatites of the European part of the USSR. Sov. geologiya. No. 4. P. 123-128 [in Russian].<\/li>\n<li>Stepanyuk L.M., Syomka V.O., Karly Z.V., Bondarenko S.M., Dovbush T.I., Kurylo S.I. (2015). Balka Korabelna deposit (mineralogy, geochronology) in the Pobuzhsky uranium ore district of the Ukrainian shield. Geochem. and ore formation. No. 35. P. 3-10 [in Ukrainian].<br \/>\n<a href=\"https:\/\/doi.org\/10.15407\/gof.2015.35.003\">https:\/\/doi.org\/10.15407\/gof.2015.35.003<\/a><\/li>\n<li>Berger A., Janots E., Fernandez A., Giese J. (2008). Formation and composition of rhabdophane, bastn\u00e4site and hydrated thorium minerals during alteration: Implications for geochronology and low-temperature processes. Chemical Geology. No. 254 (3). \u0420. 238-248. <a href=\"https:\/\/doi.org\/10.1016\/j.chemgeo.2008.03.006\">https:\/\/doi.org\/10.1016\/j.chemgeo.2008.03.006<\/a><\/li>\n<li>Broska I., Petr\u00edk I., Williams C.T. (2000). Coexisting monazite and allanite in peraluminous granitoids of the Tribec Mountains, Western Carpathians. Amer. Miner. No. 85. P. 22-32.<br \/>\n<a href=\"https:\/\/doi.org\/10.2138\/am-2000-0104\">https:\/\/doi.org\/10.2138\/am-2000-0104<\/a><\/li>\n<li>Cathelineau M., Izquierdo G. (1988). Temperature-composition relationships of authigenic micaceous minerals in the Los Azufres geothermal system: Contrib. Mineral Petrol. No. 100. P. 418-428.<br \/>\n<a href=\"https:\/\/doi.org\/10.1007\/BF00371372\">https:\/\/doi.org\/10.1007\/BF00371372<\/a><\/li>\n<li>\u010cerny, P., \u010cerna, I. (1971). Bastnaesite after allanite from Rough Rock Lake, Ontario. Canad. Miner. No. 15. P. 541-543.<\/li>\n<li>Chakhmouradian A.R., Wall F. (2012). Rare earth elements: Minerals, mines, magnets (and more). Elements. No. 8. P. 333-340.<br \/>\n<a href=\"https:\/\/doi.org\/10.2113\/gselements.8.5.333\">https:\/\/doi.org\/10.2113\/gselements.8.5.333<\/a><\/li>\n<li>\u010copjakov\u00e1 R., Nov\u00e1k M., Franc\u016f E. (2011). Formation of authigenic monazite-(Ce) to monazite-(Nd) from Upper Carboniferous graywackes of the Drahany Upland: Roles of the chemical composition of host rock and burial temperature. Lithos. No. 127. P. 373-385.<br \/>\n<a href=\"https:\/\/doi.org\/10.1016\/j.lithos.2011.08.001\">https:\/\/doi.org\/10.1016\/j.lithos.2011.08.001<\/a><\/li>\n<li>Ghent E.D. (1972). Electron microprobe study of allanite from theMt. Falconer quartz monzonite pluton, Lower Taylor Valley,South Victoria Land, Antarctica. Canad. Miner. No. 11. P. 526-553.<\/li>\n<li>Gier\u00e9 R., Sorensen S.S. (2004). Allanite and Other REE-Rich Epidote-Group Minerals. Reviews in Mineralogy &amp; Geochemistry. No. 56. P. 431-493.<br \/>\n<a href=\"https:\/\/doi.org\/10.2138\/gsrmg.56.1.431\">https:\/\/doi.org\/10.2138\/gsrmg.56.1.431<\/a><\/li>\n<li>Handoko A.D., Sanjaya E. (2018). Characteristics and genesis of Rare Earth Element (REE) in western Indonesia. \u0406\u041e\u0420 Conf. Series: Earth and Environmental Science 118.<br \/>\n<a href=\"https:\/\/doi.org\/10.1088\/1755-1315\/118\/1\/012077\">https:\/\/doi.org\/10.1088\/1755-1315\/118\/1\/012077<\/a><\/li>\n<li>Henderson P., Gluyas J., Gunn G., Wall F., Woolley A. (2011). Rare Earth Elements. Report. USGS Numbered Series. 13 \u0440.<\/li>\n<li>Hey M.H. (1954). A new review of the chlorite. Mineral. Mag. No. 30. P. 277-292. <a href=\"https:\/\/doi.org\/10.1180\/minmag.1954.030.224.01\">https:\/\/doi.org\/10.1180\/minmag.1954.030.224.01<\/a><\/li>\n<li>Janots E., Brunet F., Goffe B., Poinssot C., Burchad, M., Cemic L. (2007). Thermochemistry of monazite-(La) and dissakisite-(La): implications for monazite and allanite stability in metapelites. Contrib. Mineral. Petrol. No. 154. P. 1-14.<br \/>\n<a href=\"https:\/\/doi.org\/10.1007\/s00410-006-0176-2\">https:\/\/doi.org\/10.1007\/s00410-006-0176-2<\/a><\/li>\n<li>Jowett E.C. (1991). Fitting iron and magnesium into the hydrothermal chlorite geothermometer: GAC\/MAC\/SEG Joint Annual Meeting (Toronto, May 27-29, 1991). Program with Abstracts 16, P. 62.<\/li>\n<li>Lyzhachenko N., Kuryl\u043e S., Hrinchenko O. (2019). REE-mineralization in host rocks of the Stankuvatske Li-deposit (Ingul megablock, Ukrainian Shield). 9th mineralogical-petrological Conference, (Bratislava, 29-30 may, 2019), Zb. Abstr., Komenskeho University, Bratislava. P. 35.<\/li>\n<li>Poitrasson F. (2002). In situ investigations of allanite hydrothermal alteration:examples from calc-alkaline and anorogenic granitesof Corsica southeast France). Contrib. Mineral. Petrol. No. 142. P. 485-500. <a href=\"https:\/\/doi.org\/10.1007\/s004100100303\">https:\/\/doi.org\/10.1007\/s004100100303<\/a><\/li>\n<li>Spear F.S. (2010). Monazite-allanite phase relations in metapelites. Chemical Geology. No. 279. P. 55-62. <a href=\"https:\/\/doi.org\/10.1016\/j.chemgeo.2010.10.004\">https:\/\/doi.org\/10.1016\/j.chemgeo.2010.10.004<\/a><\/li>\n<li>Uher P., Malachovs\u00fd P., Ondrejk\u0430 M., Pr\u0161ek J. (2010). Zr-REE-Nb mineralization in metatrachydacites of the Rakovec group (Gemeric Superunit, Western Carpathians, Slovakia): A product of interaction between host-rock and F-, CO2-rich fluids. Z. geol. Wiss. No. 2-3. P. 167-179.<\/li>\n<li>Uher P., Ondrejka M., Ba\u010d\u00edk P., Broska I., Kone\u010dn\u00fd P. Britholite, monazite, REE carbonates, and calcite: Products of hydrothermal alteration of allanite and apatite in A-type granite from Stupn\u00e9, Western Carpathians, Slovakia. Lithos. No. 236-237. P. 212-225.<br \/>\n<a href=\"https:\/\/doi.org\/10.1016\/j.lithos.2015.09.005\">https:\/\/doi.org\/10.1016\/j.lithos.2015.09.005<\/a><\/li>\n<li>Wing S.A., Ferry J.M., Harisson T.M. (2003). Prorade destruction and formation of monazite and allanite during contact and regional metamorphism of pelites: petrology and geochronology. Contrib. Mineral. Petrol. No. 145. P. 228-250.<br \/>\n<a href=\"https:\/\/doi.org\/10.1007\/s00410-003-0446-1\">https:\/\/doi.org\/10.1007\/s00410-003-0446-1<\/a><\/li>\n<\/ol>\n<p><a href=\"http:\/\/www.g-o-f.org.ua\/wp-content\/uploads\/2020\/2020-5.pdf\" target=\"_blank\" rel=\"noopener\"><img data-recalc-dims=\"1\" loading=\"lazy\" decoding=\"async\" class=\"alignleft\" src=\"https:\/\/i0.wp.com\/www.g-o-f.org.ua\/wp-content\/uploads\/2020\/index.jpg?resize=100%2C100\" alt=\"\" width=\"100\" height=\"100\" \/><\/a><\/p>\n","protected":false},"excerpt":{"rendered":"<p>N.\u041c. Lyzhachenk\u043e1 \u0415-mail: lyzhachenko@gmail.com https:\/\/orcid.org\/0000-0003-4466-6851 S.I. Kurylo2 https:\/\/orcid.org\/0000-0001-8598-0551 S. M. Bondarenko3 https:\/\/orcid.org\/0000-0001-7948-3583 1 State Institution \u00abThe Institute of Environmental Geochemistry of National Academy of Science of Ukraine\u00bb 03680, Kyiv, Ukraine, Palladina av. 34-a 2 Earth Science Institute, Slovak Academy of Sciences 97411, Bansk\u00e1 Bystrica, Slovakia, \u010eumbierska 1 3 M.P. Semenenko Institute Geochemistry, Mineralogy and Ore &hellip; <a href=\"http:\/\/www.g-o-f.org.ua\/gb\/archive\/2020-41\/5-2\/\" class=\"more-link\">Continue reading<span class=\"screen-reader-text\"> &#8220;Rare-earth accessories and secondary minerals in plagiogneisses from the Stankuvatske Li-deposite&#8221;<\/span><\/a><\/p>\n","protected":false},"author":1,"featured_media":0,"parent":1702,"menu_order":0,"comment_status":"closed","ping_status":"closed","template":"","meta":{"footnotes":""},"class_list":["post-1755","page","type-page","status-publish","hentry"],"translation":{"provider":"WPGlobus","version":"3.0.0","language":"gb","enabled_languages":["uk","gb"],"languages":{"uk":{"title":true,"content":true,"excerpt":false},"gb":{"title":true,"content":true,"excerpt":false}}},"jetpack_sharing_enabled":true,"jetpack_shortlink":"https:\/\/wp.me\/P9ghyZ-sj","jetpack_likes_enabled":true,"jetpack-related-posts":[{"id":1737,"url":"http:\/\/www.g-o-f.org.ua\/gb\/archive\/2020-41\/3-2\/","url_meta":{"origin":1755,"position":0},"title":"Ta-Nb mineralization in rare-metal pegmatite from north-western frame of Lypniazhka granite-migmatite structure","author":"admin","date":"09\/12\/2020","format":false,"excerpt":"{:uk}\u0421.\u0406. \u041a\u0443\u0440\u0438\u043b\u043e 1, 3 \u0415-mail: kurylo.sergiy@gmail.com, https:\/\/orcid.org\/0000-0003-4466-6851 \u041d.\u041c. \u041b\u0438\u0436\u0430\u0447\u0435\u043d\u043a\u043e 2 \u0415-mail: lyzhachenko@gmail.com, https:\/\/orcid.org\/0000-0001-8598-0551 \u0421.\u041c. \u0411o\u043d\u0434\u0430\u0440\u0435\u043d\u043a\u043e 3 https:\/\/orcid.org\/0000-0001-7948-3583 \u0412.\u041e. \u0421\u044c\u043e\u043c\u043a\u0430 3 https:\/\/orcid.org\/0000-0001-5202-4045 \u041e.\u0412. \u0413\u0440\u0456\u043d\u0447\u0435\u043d\u043a\u043e 4 https:\/\/orcid.org\/0000-0003-3030-1720 1 \u0406\u043d\u0441\u0442\u0438\u0442\u0443\u0442 \u043d\u0430\u0443\u043a \u043f\u0440\u043e \u0417\u0435\u043c\u043b\u044e, \u0421\u043b\u043e\u0432\u0430\u0446\u044c\u043a\u0430 \u0430\u043a\u0430\u0434\u0435\u043c\u0456\u044f \u043d\u0430\u0443\u043a 97411, \u0411\u0430\u043d\u0441\u044c\u043a\u0430 \u0411\u0438\u0441\u0442\u0440\u0438\u0446\u044f, \u0421\u043b\u043e\u0432\u0430\u0447\u0447\u0438\u043d\u0430, \u0414\u0443\u043c\u0431\u0456\u0454\u0440\u0441\u044c\u043a\u0430, 1 2 \u0414\u0435\u0440\u0436\u0430\u0432\u043d\u0430 \u0443\u0441\u0442\u0430\u043d\u043e\u0432\u0430 \u201c\u0406\u043d\u0441\u0442\u0438\u0442\u0443\u0442 \u0433\u0435\u043e\u0445\u0456\u043c\u0456\u0457 \u043d\u0430\u0432\u043a\u043e\u043b\u0438\u0448\u043d\u044c\u043e\u0433\u043e \u0441\u0435\u0440\u0435\u0434\u043e\u0432\u0438\u0449\u0430 \u041d\u0430\u0446\u0456\u043e\u043d\u0430\u043b\u044c\u043d\u043e\u0457 \u0430\u043a\u0430\u0434\u0435\u043c\u0456\u0457 \u043d\u0430\u0443\u043a \u0423\u043a\u0440\u0430\u0457\u043d\u0438\u201d\u2026","rel":"","context":"Similar post","block_context":{"text":"Similar post","link":""},"img":{"alt_text":"","src":"https:\/\/i0.wp.com\/www.g-o-f.org.ua\/wp-content\/uploads\/2020\/index.jpg?resize=350%2C200","width":350,"height":200},"classes":[]},{"id":1926,"url":"http:\/\/www.g-o-f.org.ua\/gb\/archive\/2021-42\/1-7\/","url_meta":{"origin":1755,"position":1},"title":"URANIUM-LEAD GEOCHRONOLOGY ON MONACITE OF GRANITES OF THE LYPNYAZKA MASSIF AND ITS FRAMING (INGUL MEGABLOCK OF THE UKRAINIAN SHIELD)","author":"admin","date":"15\/12\/2021","format":false,"excerpt":"{:uk}\u041b.\u041c. \u0421\u0442\u0435\u043f\u0430\u043d\u044e\u043a 1https:\/\/orcid.org\/0000-0001-5591-5169E-mail: stepaniuk@nas.gov.ua\u0421.\u0406. \u041a\u0443\u0440\u0438\u043b\u043e 2E-mail: kurylo.sergiy@gmail.com;https:\/\/orcid.org\/0000-0003-4466-6851\u0412.\u041e. \u0421\u044c\u043e\u043c\u043a\u0430 1E-mail: syomka1949@gmail.com;https:\/\/orcid.org\/0000-0001-5202-4045\u0422.\u0406. \u0414\u043e\u0432\u0431\u0443\u0448 1https:\/\/orcid.org\/0000-0002-3512-3313E-mail: tetyana.dovbush1@gmail.com\u0421.\u041c. \u0411\u043e\u043d\u0434\u0430\u0440\u0435\u043d\u043a\u043e 1E-mail: sbond.igmr@gmail.com;\u00a0https:\/\/orcid.org\/0000-0001-7948-3583\u041e.\u0412. \u041a\u043e\u0432\u0442\u0443\u043d 1, 3E-mail: kovtun85@ukr.net;https:\/\/orcid.org\/0000-0003-0475-8778\u0406.\u041c. \u041a\u043e\u0442\u0432\u0456\u0446\u044c\u043a\u0430 1E-mail: irinakotvitska@gmail.com1. \u0406\u043d\u0441\u0442\u0438\u0442\u0443\u0442 \u0433\u0435\u043e\u0445\u0456\u043c\u0456\u0457, \u043c\u0456\u043d\u0435\u0440\u0430\u043b\u043e\u0433\u0456\u0457 \u0442\u0430 \u0440\u0443\u0434\u043e\u0443\u0442\u0432\u043e\u0440\u0435\u043d\u043d\u044f \u0456\u043c\u0435\u043d\u0456 \u041c.\u041f. \u0421\u0435\u043c\u0435\u043d\u0435\u043d\u043a\u0430 \u041d\u0410\u041d \u0423\u043a\u0440\u0430\u0457\u043d\u043803142, \u043f\u0440\u043e\u0441\u043f. \u0430\u043a\u0430\u0434. \u041f\u0430\u043b\u043b\u0430\u0434\u0456\u043d\u0430, 34, \u041a\u0438\u0457\u0432, \u0423\u043a\u0440\u0430\u0457\u043d\u04302. \u0406\u043d\u0441\u0442\u0438\u0442\u0443\u0442 \u043d\u0430\u0443\u043a \u043f\u0440\u043e \u0417\u0435\u043c\u043b\u044e \u0421\u043b\u043e\u0432\u0430\u0446\u044c\u043a\u0430 \u0430\u043a\u0430\u0434\u0435\u043c\u0456\u044f \u043d\u0430\u0443\u043a97401, \u0414\u0443\u043c\u0431\u0456\u0454\u0440\u0441\u044c\u043a\u0430, 1, \u0411\u0430\u043d\u0441\u044c\u043a\u0430-\u0411\u0438\u0441\u0442\u0440\u0438\u0446\u044f, \u0421\u043b\u043e\u0432\u0430\u0447\u0447\u0438\u043d\u04303.\u2026","rel":"","context":"Similar post","block_context":{"text":"Similar post","link":""},"img":{"alt_text":"","src":"","width":0,"height":0},"classes":[]},{"id":2385,"url":"http:\/\/www.g-o-f.org.ua\/gb\/archive\/2025-46\/gof-2025-46-013\/","url_meta":{"origin":1755,"position":2},"title":"COMPARATIVE ANALYSIS OF ORE CONTENT IN THE MEZHYRICHNE ILMENITE DEPOSIT AREAS","author":"admin","date":"16\/12\/2025","format":false,"excerpt":"{:uk}\u041e.\u0410. \u0413\u0430\u043d\u0436\u04301, oag2909@gmail.com, https:\/\/orcid.org\/0000-0001-8510-5618 \u0404.\u0421. \u041b\u0443\u043d\u044c\u043e\u04322, lunev_00@ukr.net, https:\/\/orcid.org\/0000-0002-9999-8565 \u041a.\u041c. \u0421\u0442\u0430\u0440\u043e\u0434\u0443\u0431\u0435\u0446\u044c1, starodubets.kirill@ukr.net, https:\/\/orcid.org\/0000-0002-0887-1543 \u0406.\u041c. \u041b\u0443\u043d\u044c\u043e\u0432\u0430 2, gerasimetsirina@gmail.com, https:\/\/orcid.org\/0000-0003-4670-0216 \u0410.\u0412. \u0427\u0443\u043c\u0430\u043a 3, chymak209@ukr.net, https:\/\/orcid.org\/0009-0000-9225-278X 1 \u0406\u043d\u0441\u0442\u0438\u0442\u0443\u0442 \u0433\u0435\u043e\u043b\u043e\u0433\u0456\u0447\u043d\u0438\u0445 \u043d\u0430\u0443\u043a \u041d\u0410\u041d \u0423\u043a\u0440\u0430\u0457\u043d\u0438 01054, \u0432\u0443\u043b. \u041e\u043b\u0435\u0441\u044f \u0413\u043e\u043d\u0447\u0430\u0440\u0430, 55 \u0411, \u041a\u0438\u0457\u0432, \u0423\u043a\u0440\u0430\u0457\u043d\u0430 2 \u0406\u043d\u0441\u0442\u0438\u0442\u0443\u0442 \u0433\u0435\u043e\u0445\u0456\u043c\u0456\u0457, \u043c\u0456\u043d\u0435\u0440\u0430\u043b\u043e\u0433\u0456\u0457 \u0442\u0430 \u0440\u0443\u0434\u043e\u0443\u0442\u0432\u043e\u0440\u0435\u043d\u043d\u044f \u0456\u043c. \u041c.\u041f. \u0421\u0435\u043c\u0435\u043d\u0435\u043d\u043a\u0430 \u041d\u0410\u041d \u0423\u043a\u0440\u0430\u0457\u043d\u0438 03142, \u043f\u0440\u043e\u0441\u043f. \u0410\u043a\u0430\u0434.\u2026","rel":"","context":"Similar post","block_context":{"text":"Similar post","link":""},"img":{"alt_text":"","src":"","width":0,"height":0},"classes":[]},{"id":2025,"url":"http:\/\/www.g-o-f.org.ua\/gb\/archive\/2022-43\/7-2\/","url_meta":{"origin":1755,"position":3},"title":"RARE-EARTH DEPOSITS OF A NON-TRADITIONAL TYPE IN THE AZOV PART OF THE UKRAINIAN SHIELD","author":"admin","date":"20\/12\/2022","format":false,"excerpt":"{:uk} \u041b.\u0414. \u0421\u0454\u0442\u0430\u044fE-mail: lasetaya@gmail.com, https:\/\/orcid.org\/0000-0002-2996-0289\u0406.\u042e. \u041d\u0456\u043a\u043e\u043b\u0430\u0454\u0432E-mail: oemidonetsk@gmail.com, https:\/\/orcid.org\/0000-0003-2208-0032\u0421.\u041c. \u0421\u0442\u0440\u0435\u043a\u043e\u0437\u043e\u0432E-mail: ssss21161@gmail.com, https:\/\/orcid.org\/0000-0002-1421-4910\u0406\u043d\u0441\u0442\u0438\u0442\u0443\u0442 \u0433\u0435\u043e\u0445\u0456\u043c\u0456\u0457, \u043c\u0456\u043d\u0435\u0440\u0430\u043b\u043e\u0433\u0456\u0457 \u0442\u0430 \u0440\u0443\u0434\u043e\u0443\u0442\u0432\u043e\u0440\u0435\u043d\u043d\u044f \u0456\u043c. \u041c.\u041f. \u0421\u0435\u043c\u0435\u043d\u0435\u043d\u043a\u0430 \u041d\u0410\u041d \u0423\u043a\u0440\u0430\u0457\u043d\u043803142, \u043f\u0440\u043e\u0441\u043f. \u0430\u043a\u0430\u0434. \u041f\u0430\u043b\u043b\u0430\u0434\u0456\u043d\u0430, 34, \u041a\u0438\u0457\u0432, \u0423\u043a\u0440\u0430\u0457\u043d\u0430 https:\/\/doi.org\/10.15407\/gof.2022.43.074 \u0420\u043e\u0437\u0433\u043b\u044f\u043d\u0443\u0442\u043e \u0433\u0435\u043e\u043b\u043e\u0433\u0456\u0447\u043d\u0443 \u0431\u0443\u0434\u043e\u0432\u0443 \u0442\u0430 \u043f\u0435\u0440\u0441\u043f\u0435\u043a\u0442\u0438\u0432\u043d\u0456\u0441\u0442\u044c \u043d\u0435\u0442\u0440\u0430\u0434\u0438\u0446\u0456\u0439\u043d\u043e\u0457 \u0434\u043b\u044f \u043f\u0440\u043e\u043c\u0438\u0441\u043b\u043e\u0432\u043e\u0441\u0442\u0456 \u0423\u043a\u0440\u0430\u0457\u043d\u0438 \u0433\u0440\u0443\u043f\u0438 \u043e\u0431\u2019\u0454\u043a\u0442\u0456\u0432 \u0440\u0456\u0434\u043a\u0456\u0441\u043d\u043e\u0437\u0435\u043c\u0435\u043b\u044c\u043d\u043e\u0457 \u0441\u0438\u0440\u043e\u0432\u0438\u043d\u0438 \u0435\u043a\u0437\u043e\u0433\u0435\u043d\u043d\u043e\u0433\u043e \u043f\u043e\u0445\u043e\u0434\u0436\u0435\u043d\u043d\u044f. \u041d\u0430 \u0434\u0443\u043c\u043a\u0443 \u0430\u0432\u0442\u043e\u0440\u0456\u0432, \u0446\u0435 \u043f\u0435\u0440\u0435\u0432\u0430\u0436\u043d\u043e \u0433\u043b\u0438\u043d\u0438\u0441\u0442\u0430 \u043a\u043e\u0440\u0430 \u0432\u0438\u0432\u0456\u0442\u0440\u044e\u0432\u0430\u043d\u043d\u044f\u2026","rel":"","context":"Similar post","block_context":{"text":"Similar post","link":""},"img":{"alt_text":"","src":"","width":0,"height":0},"classes":[]},{"id":176,"url":"http:\/\/www.g-o-f.org.ua\/gb\/","url_meta":{"origin":1755,"position":4},"title":"Geochemistry and ore formation","author":"admin","date":"09\/10\/2017","format":false,"excerpt":"{:uk}{:uk}\u0413\u0435\u043e\u0445\u0456\u043c\u0456\u044f \u0442\u0430 \u0440\u0443\u0434\u043e\u0443\u0442\u0432\u043e\u0440\u0435\u043d\u043d\u044f: \u0437\u0431. \u043d\u0430\u0443\u043a. \u043f\u0440. \/ \u041d\u0430\u0446. \u0430\u043a\u0430\u0434. \u043d\u0430\u0443\u043a \u0423\u043a\u0440\u0430\u0457\u043d\u0438, \u0406\u043d-\u0442 \u0433\u0435\u043e\u0445\u0456\u043c\u0456\u0457, \u043c\u0456\u043d\u0435\u0440\u0430\u043b\u043e\u0433\u0456\u0457 \u0442\u0430 \u0440\u0443\u0434\u043e\u0443\u0442\u0432\u043e\u0440\u0435\u043d\u043d\u044f \u0456\u043c. \u041c. \u041f. \u0421\u0435\u043c\u0435\u043d\u0435\u043d\u043a\u0430. \u2013 \u041a\u0438\u0457\u0432: [\u0431. \u0432.], 1972. - \u041f\u0435\u0440\u0456\u043e\u0434\u0438\u0447\u043d\u0456\u0441\u0442\u044c: \u0434\u043e \u0434\u0432\u043e\u0445 \u0440\u0430\u0437\u0456\u0432 \u043d\u0430 \u0440\u0456\u043a. ISSN 2224-6487 (print) ISSN 2617-3395 (online) \u0422\u0435\u043c\u0430\u0442\u0438\u043a\u0430: \u0434\u0440\u0443\u043a\u0443\u044e\u0442\u044c\u0441\u044f \u043e\u0440\u0438\u0433\u0456\u043d\u0430\u043b\u044c\u043d\u0456 \u0441\u0442\u0430\u0442\u0442\u0456, \u043e\u0433\u043b\u044f\u0434\u0438, \u0440\u0435\u0446\u0435\u043d\u0437\u0456\u0457 \u0442\u0430 \u043c\u0430\u0442\u0435\u0440\u0456\u0430\u043b\u0438 \u0445\u0440\u043e\u043d\u0456\u043a\u0430\u043b\u044c\u043d\u043e\u0433\u043e \u0445\u0430\u0440\u0430\u043a\u0442\u0435\u0440\u0443, \u0449\u043e \u0432\u0438\u0441\u0432\u0456\u0442\u043b\u044e\u044e\u0442\u044c\u2026","rel":"","context":"In \"\u0413\u0435\u043e\u0445\u0456\u043c\u0456\u044f \u0442\u0430 \u0440\u0443\u0434\u043e\u0443\u0442\u0432\u043e\u0440\u0435\u043d\u043d\u044f\"","block_context":{"text":"\u0413\u0435\u043e\u0445\u0456\u043c\u0456\u044f \u0442\u0430 \u0440\u0443\u0434\u043e\u0443\u0442\u0432\u043e\u0440\u0435\u043d\u043d\u044f","link":"http:\/\/www.g-o-f.org.ua\/gb\/tag\/%d0%b3%d0%b5%d0%be%d1%85%d1%96%d0%bc%d1%96%d1%8f-%d1%82%d0%b0-%d1%80%d1%83%d0%b4%d0%be%d1%83%d1%82%d0%b2%d0%be%d1%80%d0%b5%d0%bd%d0%bd%d1%8f\/"},"img":{"alt_text":"","src":"","width":0,"height":0},"classes":[]},{"id":2345,"url":"http:\/\/www.g-o-f.org.ua\/gb\/archive\/2024-45\/gof-2024-45-064\/","url_meta":{"origin":1755,"position":5},"title":"URANIUM MINERALIZATION IN ROCKS OF THE PETRIVSK IRON ORE DEPOSIT (INGUL MEGABLOCK, UKRAINIAN SHIELD)","author":"admin","date":"18\/12\/2024","format":false,"excerpt":"{:uk}\u041e.\u0412. \u041a\u043e\u0432\u0442\u0443\u043d kovtun85@ukr.net; https\/\/orcid: 0000-0003-0475-8778 \u041b.\u041c. \u0421\u0442\u0435\u043f\u0430\u043d\u044e\u043a stepaniuk@nas.gov.ua, https:\/\/orcid.org\/0000-0001-5591-5169 \u041e.\u0412. \u0417\u044e\u043b\u044c\u0446\u043b\u0435 olegzjults@gmail.com, https:\/\/orcid.org\/0000-0002-6204-2009 \u041e.\u0411. \u0412\u0438\u0441\u043e\u0446\u044c\u043a\u0438\u0439 alek.vysotsky@gmail.com; https\/\/orcid.org\/0000-0002-3542-4685 \u0422.\u0406. \u0414\u043e\u0432\u0431\u0443\u0448 tetyana.dovbush1@gmail.com, https:\/\/orcid.org\/0000-0002-3512-3313 \u0413.\u0413. \u041f\u0430\u0432\u043b\u043e\u0432 genychpavlov@gmail.com; https\/\/orcid.org\/0000-0002-5913-042X \u041d.\u041e. \u041a\u043e\u0432\u0430\u043b\u0435\u043d\u043a\u043e https:\/\/orcid.org\/0000-0002-3203-7145 \u0406\u043d\u0441\u0442\u0438\u0442\u0443\u0442 \u0433\u0435\u043e\u0445\u0456\u043c\u0456\u0457, \u043c\u0456\u043d\u0435\u0440\u0430\u043b\u043e\u0433\u0456\u0457 \u0442\u0430 \u0440\u0443\u0434\u043e\u0443\u0442\u0432\u043e\u0440\u0435\u043d\u043d\u044f \u0456\u043c. \u041c.\u041f. \u0421\u0435\u043c\u0435\u043d\u0435\u043d\u043a\u0430 \u041d\u0410\u041d \u0423\u043a\u0440\u0430\u0457\u043d\u0438 \u043f\u0440\u043e\u0441\u043f. \u0430\u043a\u0430\u0434. \u041f\u0430\u043b\u043b\u0430\u0434\u0456\u043d\u0430, 34, \u041a\u0438\u0457\u0432, \u0423\u043a\u0440\u0430\u0457\u043d\u0430, 03142 https:\/\/doi.org\/10.15407\/gof.2024.45.064 \u0423 \u043f\u043b\u0430\u0433\u0456\u043e\u043f\u0435\u0433\u043c\u0430\u0442\u0438\u0442\u0456, \u0449\u043e \u0440\u043e\u0437\u0441\u0456\u043a\u0430\u0454\u2026","rel":"","context":"Similar post","block_context":{"text":"Similar post","link":""},"img":{"alt_text":"","src":"","width":0,"height":0},"classes":[]}],"_links":{"self":[{"href":"http:\/\/www.g-o-f.org.ua\/gb\/wp-json\/wp\/v2\/pages\/1755","targetHints":{"allow":["GET"]}}],"collection":[{"href":"http:\/\/www.g-o-f.org.ua\/gb\/wp-json\/wp\/v2\/pages"}],"about":[{"href":"http:\/\/www.g-o-f.org.ua\/gb\/wp-json\/wp\/v2\/types\/page"}],"author":[{"embeddable":true,"href":"http:\/\/www.g-o-f.org.ua\/gb\/wp-json\/wp\/v2\/users\/1"}],"replies":[{"embeddable":true,"href":"http:\/\/www.g-o-f.org.ua\/gb\/wp-json\/wp\/v2\/comments?post=1755"}],"version-history":[{"count":9,"href":"http:\/\/www.g-o-f.org.ua\/gb\/wp-json\/wp\/v2\/pages\/1755\/revisions"}],"predecessor-version":[{"id":1856,"href":"http:\/\/www.g-o-f.org.ua\/gb\/wp-json\/wp\/v2\/pages\/1755\/revisions\/1856"}],"up":[{"embeddable":true,"href":"http:\/\/www.g-o-f.org.ua\/gb\/wp-json\/wp\/v2\/pages\/1702"}],"wp:attachment":[{"href":"http:\/\/www.g-o-f.org.ua\/gb\/wp-json\/wp\/v2\/media?parent=1755"}],"curies":[{"name":"wp","href":"https:\/\/api.w.org\/{rel}","templated":true}]}}