{"id":1737,"date":"2020-12-09T16:51:48","date_gmt":"2020-12-09T14:51:48","guid":{"rendered":"http:\/\/www.g-o-f.org.ua\/?page_id=1737"},"modified":"2020-12-21T19:04:27","modified_gmt":"2020-12-21T17:04:27","slug":"3-2","status":"publish","type":"page","link":"http:\/\/www.g-o-f.org.ua\/gb\/archive\/2020-41\/3-2\/","title":{"rendered":"Ta-Nb mineralization in rare-metal pegmatite from north-western frame of Lypniazhka granite-migmatite structure"},"content":{"rendered":"<p><strong>S.I. Kur\u0443lo <sup>1, 3<\/sup><\/strong><br \/>\n\u0415-mail: kurylo.sergiy@gmail.com, <a href=\"https:\/\/orcid.org\/0000-0003-4466-6851\">https:\/\/orcid.org\/0000-0003-4466-6851<\/a><br \/>\n<strong>N.M. L\u0443zhachenko <sup>2<\/sup><\/strong><br \/>\n\u0415-mail: lyzhachenko@gmail.com, <a href=\"https:\/\/orcid.org\/0000-0001-8598-0551\">https:\/\/orcid.org\/0000-0001-8598-0551<\/a><br \/>\n<strong>S.M. Bondarenko <sup>3<\/sup><\/strong><br \/>\n<a href=\"https:\/\/orcid.org\/0000-0001-7948-3583\">https:\/\/orcid.org\/0000-0001-7948-3583<\/a><br \/>\n<strong>V.O. Syomka <sup>3<\/sup><\/strong><br \/>\n<a href=\"https:\/\/orcid.org\/0000-0001-5202-4045\">https:\/\/orcid.org\/0000-0001-5202-4045<\/a><br \/>\n<strong>O.V. Hrinchenko <sup>4<\/sup><\/strong><br \/>\n<a href=\"https:\/\/orcid.org\/0000-0003-3030-1720\">https:\/\/orcid.org\/0000-0003-3030-1720<\/a><br \/>\n<sup>1<\/sup> Earth Science Institute, Slovak Academy of Sciences<br \/>\n<sup>2<\/sup> State Institution \u00abThe Institute of Environmental Geochemistry of National Academy of Science of Ukraine\u00bb<br \/>\n<sup>3<\/sup> M.P. Semenenko Institute Geochemistry, Mineralogy and Ore Formation of the National Academy of Science of Ukraine<br \/>\n<sup>4<\/sup> Taras Shevchenko National University of Kyiv, Institute of Geology<\/p>\n<p>Language: Ukrainian<br \/>\nGeochemistry and ore formation 2020, 41: 32-41<br \/>\n<a href=\"https:\/\/doi.org\/10.15407\/gof.2020.41.032\">https:\/\/doi.org\/10.15407\/gof.2020.41.032<\/a><\/p>\n<p style=\"text-align: justify;\">The three type of rare-metal pegmatites are know in Stankuvatske ore field (Ingul megablock, the Ukraianian Shield), such as: Li-bearing, Bi-As-U and Ta-Nb pegmatites. For the first time Ta-Nb mineralisation from Ta-Nb bearing albite-K-Feldspar rare metal pegmatite have been described. Investigated pegmatite is located on the Norh-West frame of the Lypnazky granitemigmatite massive among hosted amphibolites. Rare-metal pegmatite doesn\u2019t have obvious zonality and consist of alkaline feldspar, biotite, muscovite, dark to black colour quartz, blue-greenish apatite, nigerite, gachnite, tourmaline, monazite. The primary ferrocolumbite and Nb-rutile-II have undergone strong hydrothermal alteration. Thus primary rutile-II decomposed with formation of skeletal intergrowths of secondary cassiterite and rutile-III with a much lower volume of Nb and Ta under the influence of hydrothermal fluid. Primary homogenous Nb-rutile-I (Nb2O5+Ta2O5 from 33,5 to 42,9 wt.%) exsolved a fine trellis-like pattern and lamellar of Nb-pure rutile-III, cassiterite and Mn-rich ilmenite. The Nb-rutile-II is occurred in tabular grains with unclear internal zonation. Primary ferrcolumbite breakdown to Ti-ixiolite and Nb-rutile-III. Primary oscillatory zonality is transformed into irregularly patchy and veinlety. Recrystallized ferrotantalite is secondary and uncommon mineral. Ferrocolumbite contains 2.93 to 4.74 wt.%TiO2, and titanian ixiolite 7,33-10,76 wt.%. The (Ti,Nb)&gt;Ta mineral assemblages, and compositional trend of columbite with very low Ta\/(Ta+Nb) and Mn\/ (Mn+Fe) imply a general low level of fractionation in comparison with typical beryl-columbite rare-metal pegmatites.<\/p>\n<p>Keywords: <em>ferrocolumbite, tantalite, titanian ixiolite, rutile, ilmenite, cassiterite, nigerite, exsolution, rare-metal granite pegmatite, Ingul Domen, Ukrainian Shield.<\/em><\/p>\n<ol>\n<li>Grinchenko O.V., Bondarenko S.M., S\u0443\u043emka V.O., Ivanov B.N., Kanunikova L.I. (2016). Substance of Ta-Nb mineralization in pegmatites and apogranite metasomatites of Shpolyano-Tashlyk ore district.\u00a0 Geochemistry and \u041ere formation. Iss. 36. P. 47-57 [in Ukrainian].<br \/>\n<a href=\"https:\/\/doi.org\/10.15407\/gof.2016.36.047\">https:\/\/doi.org\/10.15407\/gof.2016.36.047<\/a><\/li>\n<li>Eremenko G.K., Ivanov B.N., Belykh N.A., Kuzmenko A.V., Makivchuk, O.F. (1996). Mineralogical features and conditions of formation of lithium pegmatites of the Kirovograd block (Ukrainian shi\u0435ld). Mineral. Journ. No. 1. \u0420. 48-57.<\/li>\n<li>Ivanov B.N., Lysenko V.V., Makivchuk O.F., Eremenko G.K., Bugaenko V.M., Bondarenko S.M. (2000). Exocontact metasomatites of lithium granite pegmatites of Shpolyano-Tashlyk rare-metal ore district. Mineral resources of Ukraine. No. 4. \u0420. 11-13.<\/li>\n<li>Ivanov B.N., Makivchuk O.F., Bugaenko V.M., Lysenko V.V., Eremenko, G.K. (2000). Main types of rare-metal deposits and ore manifestations in western part of the Kirovograd block. Scientific proceedings of UkrSGRI, 1-2, 101-107 [in Ukrainian].<\/li>\n<li>Lyzhachenko N.M., Kurylo S.I., Grinchenko O.V. (2019). New data on accessory mineralization of the Stankuvats&#8217;ke lithium deposit. Scientific conference &#8220;Achievements and prospects for the development of geological science in Ukraine&#8221;, dedicated to the 50th anniversary of the founding of the Institute. Kyiv, May 14-16. P. 77-78 [in Ukrainian].<\/li>\n<li>Nechaev S.V., Makivchuk O.F., Belykh N.A., Ivanov B.N., Kuzmenko A.B., Prytkov F.Y., Bugaenko V.N., S\u0443\u043emka V.A. (1991). A new rare metal area of the Ukrainian Shield. Geol. Journ. No. 4. \u0420. 119-122.<\/li>\n<li>Nechaev S.V., Bondarenko S.N., Nechaev S.V. (1992). Tantaloniobates from pegmatites of the central part of the Ukrainian shield. Geol. Journ. No. 3. \u0420. 85-88.<\/li>\n<li>Stepanyuk L.M., Hrinchenko O.V., Bondarenko S.M., Syomka V.V., Kurylo S.I., Dovbush T.M. (2018). Geochronology of lithium-bearing granitoids of Ingul Megablock (Ukrainian Shield). Visnyk Taras Shevchenko National University of Kyiv. No. 3 (82). P. 23-28.<br \/>\n<a href=\"https:\/\/doi.org\/10.17721\/1728-2713.82.03\">https:\/\/doi.org\/10.17721\/1728-2713.82.03<\/a><\/li>\n<li>Armbruster T. (2002). Revised nomenclature of h\u00f6gbomite, nigerite, and taaffeite minerals. European Journal of Mineralogy. No. 14<br \/>\n<a href=\"https:\/\/doi.org\/10.1127\/0935-1221\/2002\/0014-0389\">https:\/\/doi.org\/10.1127\/0935-1221\/2002\/0014-0389<\/a><\/li>\n<li>\u010cern\u00fd P., Bruce G., Frank H., Ron C. (1986). Fractionation trends of the Nb- and Ta-bearing oxide minerals in the Greer Lake pegmatitic granite and its pegmatite aureole, southeastern Manitoba. Amer. Miner. No. 71. \u0420. 501-517.<\/li>\n<li>Cerny P., Ercit T.S. (2005). The classification of granitic pegmatites revisited. Canad. Mineral. No. 43. P. 2005-2026.<br \/>\n<a href=\"https:\/\/doi.org\/10.2113\/gscanmin.43.6.2005\">https:\/\/doi.org\/10.2113\/gscanmin.43.6.2005<\/a><\/li>\n<li>\u010cern\u00fd P., Foad B.E., Hawthorne F. C., Chapman R. (1986). Fractionation trends of the Nb- and Ta-bearing oxide minerals in the Greer Lake pegmatitic granite and its pegmatite aureole, southeastern Manitoba . Amer. Miner. No. 71. P. 501-517.<\/li>\n<li>\u010cern\u00fd P., Rhon, Simmoms W.B., Chackowsky L.E. (1999). Niobian rutile from the McGuire granitic pegmatite, Park Country, Colorado: Solid solution, exsolution, and oxidation. Amer. Miner. No. 5-6 (84). \u0420. 754-763.<br \/>\n<a href=\"https:\/\/doi.org\/10.2138\/am-1999-5-607\">https:\/\/doi.org\/10.2138\/am-1999-5-607<\/a><\/li>\n<li>\u010cern\u00fd P., Ercit T. Scott, Wise Michael A. (1992). The tantalite-tapiolite gap: natural assemblages versus experimental data. Canad. Miner. 30. P. 587-596.<\/li>\n<li>Uher P., \u010cern\u00fd P., Chapman R., Hat\u00e1r J., Miko O. (1998). Evolution of Nb,Ta-oxide minerals in the pra\u0161iv\u00e1 granitic primary Fe,Ti-rich assemblage. Canad. Mineral. 36. \u0420. 525-534.<\/li>\n<\/ol>\n<p><a href=\"http:\/\/www.g-o-f.org.ua\/wp-content\/uploads\/2020\/2020-3.pdf\" target=\"_blank\" rel=\"noopener\"><img data-recalc-dims=\"1\" loading=\"lazy\" decoding=\"async\" class=\"alignleft\" src=\"https:\/\/i0.wp.com\/www.g-o-f.org.ua\/wp-content\/uploads\/2020\/index.jpg?resize=100%2C100\" alt=\"\" width=\"100\" height=\"100\" \/><\/a><\/p>\n","protected":false},"excerpt":{"rendered":"<p>S.I. Kur\u0443lo 1, 3 \u0415-mail: kurylo.sergiy@gmail.com, https:\/\/orcid.org\/0000-0003-4466-6851 N.M. L\u0443zhachenko 2 \u0415-mail: lyzhachenko@gmail.com, https:\/\/orcid.org\/0000-0001-8598-0551 S.M. Bondarenko 3 https:\/\/orcid.org\/0000-0001-7948-3583 V.O. Syomka 3 https:\/\/orcid.org\/0000-0001-5202-4045 O.V. Hrinchenko 4 https:\/\/orcid.org\/0000-0003-3030-1720 1 Earth Science Institute, Slovak Academy of Sciences 2 State Institution \u00abThe Institute of Environmental Geochemistry of National Academy of Science of Ukraine\u00bb 3 M.P. Semenenko Institute Geochemistry, Mineralogy and &hellip; <a href=\"http:\/\/www.g-o-f.org.ua\/gb\/archive\/2020-41\/3-2\/\" class=\"more-link\">Continue reading<span class=\"screen-reader-text\"> &#8220;Ta-Nb mineralization in rare-metal pegmatite from north-western frame of Lypniazhka granite-migmatite structure&#8221;<\/span><\/a><\/p>\n","protected":false},"author":1,"featured_media":0,"parent":1702,"menu_order":0,"comment_status":"closed","ping_status":"closed","template":"","meta":{"footnotes":""},"class_list":["post-1737","page","type-page","status-publish","hentry"],"translation":{"provider":"WPGlobus","version":"3.0.0","language":"gb","enabled_languages":["uk","gb"],"languages":{"uk":{"title":true,"content":true,"excerpt":false},"gb":{"title":true,"content":true,"excerpt":false}}},"jetpack_sharing_enabled":true,"jetpack_shortlink":"https:\/\/wp.me\/P9ghyZ-s1","jetpack_likes_enabled":true,"jetpack-related-posts":[{"id":1926,"url":"http:\/\/www.g-o-f.org.ua\/gb\/archive\/2021-42\/1-7\/","url_meta":{"origin":1737,"position":0},"title":"URANIUM-LEAD GEOCHRONOLOGY ON MONACITE OF GRANITES OF THE LYPNYAZKA MASSIF AND ITS FRAMING (INGUL MEGABLOCK OF THE UKRAINIAN SHIELD)","author":"admin","date":"15\/12\/2021","format":false,"excerpt":"{:uk}\u041b.\u041c. \u0421\u0442\u0435\u043f\u0430\u043d\u044e\u043a 1https:\/\/orcid.org\/0000-0001-5591-5169E-mail: stepaniuk@nas.gov.ua\u0421.\u0406. \u041a\u0443\u0440\u0438\u043b\u043e 2E-mail: kurylo.sergiy@gmail.com;https:\/\/orcid.org\/0000-0003-4466-6851\u0412.\u041e. \u0421\u044c\u043e\u043c\u043a\u0430 1E-mail: syomka1949@gmail.com;https:\/\/orcid.org\/0000-0001-5202-4045\u0422.\u0406. \u0414\u043e\u0432\u0431\u0443\u0448 1https:\/\/orcid.org\/0000-0002-3512-3313E-mail: tetyana.dovbush1@gmail.com\u0421.\u041c. \u0411\u043e\u043d\u0434\u0430\u0440\u0435\u043d\u043a\u043e 1E-mail: sbond.igmr@gmail.com;\u00a0https:\/\/orcid.org\/0000-0001-7948-3583\u041e.\u0412. \u041a\u043e\u0432\u0442\u0443\u043d 1, 3E-mail: kovtun85@ukr.net;https:\/\/orcid.org\/0000-0003-0475-8778\u0406.\u041c. \u041a\u043e\u0442\u0432\u0456\u0446\u044c\u043a\u0430 1E-mail: irinakotvitska@gmail.com1. \u0406\u043d\u0441\u0442\u0438\u0442\u0443\u0442 \u0433\u0435\u043e\u0445\u0456\u043c\u0456\u0457, \u043c\u0456\u043d\u0435\u0440\u0430\u043b\u043e\u0433\u0456\u0457 \u0442\u0430 \u0440\u0443\u0434\u043e\u0443\u0442\u0432\u043e\u0440\u0435\u043d\u043d\u044f \u0456\u043c\u0435\u043d\u0456 \u041c.\u041f. \u0421\u0435\u043c\u0435\u043d\u0435\u043d\u043a\u0430 \u041d\u0410\u041d \u0423\u043a\u0440\u0430\u0457\u043d\u043803142, \u043f\u0440\u043e\u0441\u043f. \u0430\u043a\u0430\u0434. \u041f\u0430\u043b\u043b\u0430\u0434\u0456\u043d\u0430, 34, \u041a\u0438\u0457\u0432, \u0423\u043a\u0440\u0430\u0457\u043d\u04302. \u0406\u043d\u0441\u0442\u0438\u0442\u0443\u0442 \u043d\u0430\u0443\u043a \u043f\u0440\u043e \u0417\u0435\u043c\u043b\u044e \u0421\u043b\u043e\u0432\u0430\u0446\u044c\u043a\u0430 \u0430\u043a\u0430\u0434\u0435\u043c\u0456\u044f \u043d\u0430\u0443\u043a97401, \u0414\u0443\u043c\u0431\u0456\u0454\u0440\u0441\u044c\u043a\u0430, 1, \u0411\u0430\u043d\u0441\u044c\u043a\u0430-\u0411\u0438\u0441\u0442\u0440\u0438\u0446\u044f, \u0421\u043b\u043e\u0432\u0430\u0447\u0447\u0438\u043d\u04303.\u2026","rel":"","context":"Similar post","block_context":{"text":"Similar post","link":""},"img":{"alt_text":"","src":"","width":0,"height":0},"classes":[]},{"id":1994,"url":"http:\/\/www.g-o-f.org.ua\/gb\/archive\/2022-43\/2-2\/","url_meta":{"origin":1737,"position":1},"title":"URANIUM-LEAD ISOTOPIC AGE OF MONAZITES OF PLAGIOGNEYSES OF THE INGULO-INGULETSE SERIES (INGUL MEGABLOCK OF THE UKRAINIAN SHIELD)","author":"admin","date":"20\/12\/2022","format":false,"excerpt":"{:uk} \u041b.\u041c. \u0421\u0442\u0435\u043f\u0430\u043d\u044e\u043a 1E-mail: stepaniuk@nas.gov.ua, https:\/\/orcid.org\/0000-0001-5591-5169\u041e.\u0411. \u0412\u0438\u0441\u043e\u0446\u044c\u043a\u0438\u0439 1E-mail: alek.vysotsky@gmail.com, https:\/\/orcid.org\/0000-0002-3542-4685\u041e.\u0412. \u041a\u043e\u0432\u0442\u0443\u043d 1E-mail: kovtun85@ukr.net; https:\/\/orcid.org\/0000-0003-0475-8778\u0421.\u0406. \u041a\u0443\u0440\u0438\u043b\u043e 2\u0415-mail: kurylo.sergiy@gmail.com, https:\/\/orcid.org\/0000-0003-4466-6851\u0422.\u0406. \u0414\u043e\u0432\u0431\u0443\u0448 1E-mail: tetyana.dovbush1@gmail.com, https:\/\/orcid.org\/0000-0002-3512-33131. \u0406\u043d\u0441\u0442\u0438\u0442\u0443\u0442 \u0433\u0435\u043e\u0445\u0456\u043c\u0456\u0457, \u043c\u0456\u043d\u0435\u0440\u0430\u043b\u043e\u0433\u0456\u0457 \u0442\u0430 \u0440\u0443\u0434\u043e\u0443\u0442\u0432\u043e\u0440\u0435\u043d\u043d\u044f \u0456\u043c. \u041c.\u041f. \u0421\u0435\u043c\u0435\u043d\u0435\u043d\u043a\u0430 \u041d\u0410\u041d \u0423\u043a\u0440\u0430\u0457\u043d\u043803142, \u043f\u0440\u043e\u0441\u043f. \u0430\u043a\u0430\u0434. \u041f\u0430\u043b\u043b\u0430\u0434\u0456\u043d\u0430, 34, \u041a\u0438\u0457\u0432, \u0423\u043a\u0440\u0430\u0457\u043d\u04302. \u0406\u043d\u0441\u0442\u0438\u0442\u0443\u0442 \u043d\u0430\u0443\u043a \u043f\u0440\u043e \u0437\u0435\u043c\u043b\u044e, \u0421\u043b\u043e\u0432\u0430\u0446\u044c\u043a\u0430 \u0430\u043a\u0430\u0434\u0435\u043c\u0456\u044f \u043d\u0430\u0443\u043a 97411, \u0414\u0443\u043c\u0431\u0456\u0454\u0440\u0441\u044c\u043a\u0430, 1, \u0411\u0430\u043d\u0441\u044c\u043a\u0430 \u0411\u0438\u0441\u0442\u0440\u0438\u0446\u044f,\u2026","rel":"","context":"Similar post","block_context":{"text":"Similar post","link":""},"img":{"alt_text":"","src":"","width":0,"height":0},"classes":[]},{"id":2124,"url":"http:\/\/www.g-o-f.org.ua\/gb\/archive\/2023-44\/4-4\/","url_meta":{"origin":1737,"position":2},"title":"GEOCHEMISTRY OF FLUORINE OF SEDIMENTARY ROCKS OF DIFFERENT MASSES OF THE CARPATIAN BIOSPHERE RESERVE","author":"admin","date":"17\/12\/2023","format":false,"excerpt":"{:uk}{:uk}{:uk}{:uk} {:uk}\u041d.\u041e. \u041a\u0440\u044e\u0447\u0435\u043d\u043a\u043e 1 E-mail: nataliya.kryuchenko@gmail.com, https:\/\/orcid.org\/0000-0001-8774-90 \u0415 \u042f. \u0416\u043e\u0432\u0438\u043d\u0441\u044c\u043a\u0438\u0439 1 E-mail: zhovinsky@ukr.net, https:\/\/orcid.org\/0000-0003-1601-5998 \u041f.\u0421. \u041f\u0430\u043f\u0430\u0440\u0438\u0433\u0430 2 E-mail: paparyga.ps@ukr.net, https:\/\/orcid.org\/0000-0002-4021-0809 \u041e.\u0410. \u0416\u0443\u043a 1 E-mail: igmof.zhuk@gmail.com, https:\/\/orcid.org\/ 0000-0002-5264-0750 \u041c.\u0412. \u041a\u0443\u0445\u0430\u0440 1 E-mail: mvk2819@gmail.com, https:\/\/orcid.org\/0000-0003-3572-5194 1 \u0406\u043d\u0441\u0442\u0438\u0442\u0443\u0442 \u0433\u0435\u043e\u0445\u0456\u043c\u0456\u0457, \u043c\u0456\u043d\u0435\u0440\u0430\u043b\u043e\u0433\u0456\u0457 \u0442\u0430 \u0440\u0443\u0434\u043e\u0443\u0442\u0432\u043e\u0440\u0435\u043d\u043d\u044f \u0456\u043c\u0435\u043d\u0456 \u041c.\u041f. \u0421\u0435\u043c\u0435\u043d\u0435\u043d\u043a\u0430 \u041d\u0410\u041d \u0423\u043a\u0440\u0430\u0457\u043d\u0438 03142, \u043f\u0440\u043e\u0441\u043f. \u0410\u043a\u0430\u0434. \u041f\u0430\u043b\u043b\u0430\u0434\u0456\u043d\u0430, 34, \u041a\u0438\u0457\u0432,\u2026","rel":"","context":"Similar post","block_context":{"text":"Similar post","link":""},"img":{"alt_text":"","src":"","width":0,"height":0},"classes":[]},{"id":2345,"url":"http:\/\/www.g-o-f.org.ua\/gb\/archive\/2024-45\/gof-2024-45-064\/","url_meta":{"origin":1737,"position":3},"title":"URANIUM MINERALIZATION IN ROCKS OF THE PETRIVSK IRON ORE DEPOSIT (INGUL MEGABLOCK, UKRAINIAN SHIELD)","author":"admin","date":"18\/12\/2024","format":false,"excerpt":"{:uk}\u041e.\u0412. \u041a\u043e\u0432\u0442\u0443\u043d kovtun85@ukr.net; https\/\/orcid: 0000-0003-0475-8778 \u041b.\u041c. \u0421\u0442\u0435\u043f\u0430\u043d\u044e\u043a stepaniuk@nas.gov.ua, https:\/\/orcid.org\/0000-0001-5591-5169 \u041e.\u0412. \u0417\u044e\u043b\u044c\u0446\u043b\u0435 olegzjults@gmail.com, https:\/\/orcid.org\/0000-0002-6204-2009 \u041e.\u0411. \u0412\u0438\u0441\u043e\u0446\u044c\u043a\u0438\u0439 alek.vysotsky@gmail.com; https\/\/orcid.org\/0000-0002-3542-4685 \u0422.\u0406. \u0414\u043e\u0432\u0431\u0443\u0448 tetyana.dovbush1@gmail.com, https:\/\/orcid.org\/0000-0002-3512-3313 \u0413.\u0413. \u041f\u0430\u0432\u043b\u043e\u0432 genychpavlov@gmail.com; https\/\/orcid.org\/0000-0002-5913-042X \u041d.\u041e. \u041a\u043e\u0432\u0430\u043b\u0435\u043d\u043a\u043e https:\/\/orcid.org\/0000-0002-3203-7145 \u0406\u043d\u0441\u0442\u0438\u0442\u0443\u0442 \u0433\u0435\u043e\u0445\u0456\u043c\u0456\u0457, \u043c\u0456\u043d\u0435\u0440\u0430\u043b\u043e\u0433\u0456\u0457 \u0442\u0430 \u0440\u0443\u0434\u043e\u0443\u0442\u0432\u043e\u0440\u0435\u043d\u043d\u044f \u0456\u043c. \u041c.\u041f. \u0421\u0435\u043c\u0435\u043d\u0435\u043d\u043a\u0430 \u041d\u0410\u041d \u0423\u043a\u0440\u0430\u0457\u043d\u0438 \u043f\u0440\u043e\u0441\u043f. \u0430\u043a\u0430\u0434. \u041f\u0430\u043b\u043b\u0430\u0434\u0456\u043d\u0430, 34, \u041a\u0438\u0457\u0432, \u0423\u043a\u0440\u0430\u0457\u043d\u0430, 03142 https:\/\/doi.org\/10.15407\/gof.2024.45.064 \u0423 \u043f\u043b\u0430\u0433\u0456\u043e\u043f\u0435\u0433\u043c\u0430\u0442\u0438\u0442\u0456, \u0449\u043e \u0440\u043e\u0437\u0441\u0456\u043a\u0430\u0454\u2026","rel":"","context":"Similar post","block_context":{"text":"Similar post","link":""},"img":{"alt_text":"","src":"","width":0,"height":0},"classes":[]},{"id":2037,"url":"http:\/\/www.g-o-f.org.ua\/gb\/archive\/2022-43\/10-2\/","url_meta":{"origin":1737,"position":4},"title":"GEOCHEMISTRY OF MICRO ELEMENTS IN BROWN SOILS WITH MOSS COVER OF THE CARPATIAN BIOSPHERE RESERVE","author":"admin","date":"20\/12\/2022","format":false,"excerpt":"{:uk} \u041d.\u041e. \u041a\u0440\u044e\u0447\u0435\u043d\u043a\u043e1E-mail: nataliya.kryuchenko@gmail.com, https:\/\/orcid.org\/0000-0001-8774-9089\u0415.\u042f. \u0416\u043e\u0432\u0438\u043d\u0441\u044c\u043a\u0438\u04391E-mail: zhovinsky@ukr.net, https:\/\/orcid.org\/0000-0003-1601-5998\u041f.\u0421. \u041f\u0430\u043f\u0430\u0440\u0438\u0433\u04302E-mail: paparyga.ps@ukr.net, https:\/\/orcid.org\/0000-0002-4021-0809\u041e.\u0410. \u0416\u0443\u043a1E-mail: igmof.zhuk@gmail.com, https:\/\/orcid.org\/0000-0002-5264-0750\u041c.\u0412. \u041a\u0443\u0445\u0430\u04401E-mail: mvk3@ukr.net, https:\/\/orcid.org\/0000-0003-3572-5194\u041a.\u0415. \u0414\u043c\u0438\u0442\u0440\u0435\u043d\u043a\u043e1E-mail: zovin.kosta@gmail.com, https:\/\/orcid.org\/0000-0003-1001-3457\u0422.\u0410. \u041f\u043e\u043f\u0435\u043d\u043a\u043e1E-mail: tanya_simple@ukr.net1. \u0406\u043d\u0441\u0442\u0438\u0442\u0443\u0442 \u0433\u0435\u043e\u0445\u0456\u043c\u0456\u0457, \u043c\u0456\u043d\u0435\u0440\u0430\u043b\u043e\u0433\u0456\u0457 \u0442\u0430 \u0440\u0443\u0434\u043e\u0443\u0442\u0432\u043e\u0440\u0435\u043d\u043d\u044f \u0456\u043c\u0435\u043d\u0456 \u041c.\u041f. \u0421\u0435\u043c\u0435\u043d\u0435\u043d\u043a\u0430 \u041d\u0410\u041d \u0423\u043a\u0440\u0430\u0457\u043d\u043803142, \u043f\u0440\u043e\u0441\u043f. \u0430\u043a\u0430\u0434. \u041f\u0430\u043b\u043b\u0430\u0434\u0456\u043d\u0430, 34, \u041a\u0438\u0457\u0432, \u0423\u043a\u0440\u0430\u0457\u043d\u04302. \u041a\u0430\u0440\u043f\u0430\u0442\u0441\u044c\u043a\u0438\u0439 \u0431\u0456\u043e\u0441\u0444\u0435\u0440\u043d\u0438\u0439 \u0437\u0430\u043f\u043e\u0432\u0456\u0434\u043d\u0438\u043a \u041c\u0456\u043d\u0456\u0441\u0442\u0435\u0440\u0441\u0442\u0432\u0430 \u043e\u0445\u043e\u0440\u043e\u043d\u0438 \u043d\u0430\u0432\u043a\u043e\u043b\u0438\u0448\u043d\u044c\u043e\u0433\u043e \u043f\u0440\u0438\u0440\u043e\u0434\u043d\u043e\u0433\u043e \u0441\u0435\u0440\u0435\u0434\u043e\u0432\u0438\u0449\u0430 \u0423\u043a\u0440\u0430\u0457\u043d\u043890600, \u0432\u0443\u043b. \u041a\u0440\u0430\u0441\u043d\u0435 \u041f\u043b\u0435\u0441\u043e,\u2026","rel":"","context":"Similar post","block_context":{"text":"Similar post","link":""},"img":{"alt_text":"","src":"","width":0,"height":0},"classes":[]},{"id":2324,"url":"http:\/\/www.g-o-f.org.ua\/gb\/archive\/2024-45\/gof-2024-45-044\/","url_meta":{"origin":1737,"position":5},"title":"ISOTOPIC GEOCHRONOLOGY OF GRANITOIDS OF THE KROPYVNYTSKYI COMPLEX, USING THE LOZUVAT QUARRY AS AN EXAMPLE","author":"admin","date":"18\/12\/2024","format":false,"excerpt":"{:uk}\u041b.\u041c. \u0421\u0442\u0435\u043f\u0430\u043d\u044e\u043a stepaniuk@nas.gov.ua, https:\/\/orcid.org\/0000-0001-5591-5169 \u041e.\u0411. \u0412\u0438\u0441\u043e\u0446\u044c\u043a\u0438\u0439 vysotsky@nas.gov.ua, https:\/\/orcid.org\/0000-0002-3542-4685 \u0410.\u041c. \u0411\u0430\u0440\u0430\u043d https:\/\/orcid.org\/0000-0002-5326-8014 \u041e.\u0412. \u041a\u043e\u0432\u0442\u0443\u043d https:\/\/orcid.org\/0000-0003-0475-8778 \u0422.\u0406. \u0414\u043e\u0432\u0431\u0443\u0448 https:\/\/orcid.org\/0000-0002-3512-3313 \u041d.\u041e. \u041a\u043e\u0432\u0430\u043b\u0435\u043d\u043a\u043e https:\/\/orcid.org\/0000-0002-3203-7145 \u0406.\u041c. \u041a\u043e\u0442\u0432\u0456\u0446\u044c\u043a\u0430 https:\/\/orcid.org\/0000-0002-2593-3953 \u0406\u043d\u0441\u0442\u0438\u0442\u0443\u0442 \u0433\u0435\u043e\u0445\u0456\u043c\u0456\u0457, \u043c\u0456\u043d\u0435\u0440\u0430\u043b\u043e\u0433\u0456\u0457 \u0442\u0430 \u0440\u0443\u0434\u043e\u0443\u0442\u0432\u043e\u0440\u0435\u043d\u043d\u044f \u0456\u043c. \u041c.\u041f. \u0421\u0435\u043c\u0435\u043d\u0435\u043d\u043a\u0430 \u041d\u0410\u041d \u0423\u043a\u0440\u0430\u0457\u043d\u0438 \u043f\u0440\u043e\u0441\u043f. \u0430\u043a\u0430\u0434. \u041f\u0430\u043b\u043b\u0430\u0434\u0456\u043d\u0430, 34, \u041a\u0438\u0457\u0432, \u0423\u043a\u0440\u0430\u0457\u043d\u0430, 03142 https:\/\/doi.org\/10.15407\/gof.2024.45.044 \u0412\u0438\u043a\u043b\u0430\u0434\u0435\u043d\u043e \u0440\u0435\u0437\u0443\u043b\u044c\u0442\u0430\u0442\u0438 \u0432\u0438\u0432\u0447\u0435\u043d\u043d\u044f \u0433\u0440\u0430\u043d\u0456\u0442\u0443 \u043d\u0435\u0440\u0456\u0432\u043d\u043e\u043c\u0456\u0440\u043d\u043e\u0437\u0435\u0440\u043d\u0438\u0441\u0442\u043e\u0433\u043e (\u043f\u0440\u043e\u0431\u0430 14\/23), \u043f\u0435\u0433\u043c\u0430\u0442\u043e\u0457\u0434\u043d\u043e\u0433\u043e \u0433\u0440\u0430\u043d\u0456\u0442\u0443\u2026","rel":"","context":"Similar post","block_context":{"text":"Similar post","link":""},"img":{"alt_text":"","src":"","width":0,"height":0},"classes":[]}],"_links":{"self":[{"href":"http:\/\/www.g-o-f.org.ua\/gb\/wp-json\/wp\/v2\/pages\/1737","targetHints":{"allow":["GET"]}}],"collection":[{"href":"http:\/\/www.g-o-f.org.ua\/gb\/wp-json\/wp\/v2\/pages"}],"about":[{"href":"http:\/\/www.g-o-f.org.ua\/gb\/wp-json\/wp\/v2\/types\/page"}],"author":[{"embeddable":true,"href":"http:\/\/www.g-o-f.org.ua\/gb\/wp-json\/wp\/v2\/users\/1"}],"replies":[{"embeddable":true,"href":"http:\/\/www.g-o-f.org.ua\/gb\/wp-json\/wp\/v2\/comments?post=1737"}],"version-history":[{"count":7,"href":"http:\/\/www.g-o-f.org.ua\/gb\/wp-json\/wp\/v2\/pages\/1737\/revisions"}],"predecessor-version":[{"id":1806,"href":"http:\/\/www.g-o-f.org.ua\/gb\/wp-json\/wp\/v2\/pages\/1737\/revisions\/1806"}],"up":[{"embeddable":true,"href":"http:\/\/www.g-o-f.org.ua\/gb\/wp-json\/wp\/v2\/pages\/1702"}],"wp:attachment":[{"href":"http:\/\/www.g-o-f.org.ua\/gb\/wp-json\/wp\/v2\/media?parent=1737"}],"curies":[{"name":"wp","href":"https:\/\/api.w.org\/{rel}","templated":true}]}}